{"id":928,"date":"2025-09-05T16:12:50","date_gmt":"2025-09-05T16:12:50","guid":{"rendered":"https:\/\/www.domainedelavalleedesevre.fr\/?page_id=928"},"modified":"2025-12-10T12:09:35","modified_gmt":"2025-12-10T12:09:35","slug":"nous-contacter","status":"publish","type":"page","link":"https:\/\/www.domainedelavalleedesevre.fr\/en\/nous-contacter\/","title":{"rendered":"Contact us"},"content":{"rendered":"\t\t<div data-elementor-type=\"wp-page\" data-elementor-id=\"928\" class=\"elementor elementor-928\">\n\t\t\t\t<div class=\"elementor-element elementor-element-b244c1d e-flex e-con-boxed wpr-particle-no wpr-jarallax-no wpr-parallax-no wpr-sticky-section-no wpr-equal-height-no e-con e-parent\" data-id=\"b244c1d\" data-element_type=\"container\" data-settings=\"{&quot;background_background&quot;:&quot;classic&quot;}\">\n\t\t\t\t\t<div class=\"e-con-inner\">\n\t\t\t\t<div class=\"elementor-element elementor-element-2d0e7a8 elementor-widget elementor-widget-spacer\" data-id=\"2d0e7a8\" data-element_type=\"widget\" data-widget_type=\"spacer.default\">\n\t\t\t\t<div class=\"elementor-widget-container\">\n\t\t\t\t\t\t\t<div class=\"elementor-spacer\">\n\t\t\t<div class=\"elementor-spacer-inner\"><\/div>\n\t\t<\/div>\n\t\t\t\t\t\t<\/div>\n\t\t\t\t<\/div>\n\t\t\t\t<div class=\"elementor-element elementor-element-504beb8 elementor-widget elementor-widget-image\" data-id=\"504beb8\" data-element_type=\"widget\" data-widget_type=\"image.default\">\n\t\t\t\t<div class=\"elementor-widget-container\">\n\t\t\t\t\t\t\t\t\t\t\t\t\t\t\t<img fetchpriority=\"high\" decoding=\"async\" width=\"931\" height=\"1024\" src=\"https:\/\/www.domainedelavalleedesevre.fr\/wp-content\/uploads\/2025\/05\/Logo-OK-sans-texte-blanc-931x1024.png\" class=\"attachment-large size-large wp-image-77\" alt=\"\" srcset=\"https:\/\/www.domainedelavalleedesevre.fr\/wp-content\/uploads\/2025\/05\/Logo-OK-sans-texte-blanc-931x1024.png 931w, https:\/\/www.domainedelavalleedesevre.fr\/wp-content\/uploads\/2025\/05\/Logo-OK-sans-texte-blanc-273x300.png 273w, https:\/\/www.domainedelavalleedesevre.fr\/wp-content\/uploads\/2025\/05\/Logo-OK-sans-texte-blanc-768x845.png 768w, https:\/\/www.domainedelavalleedesevre.fr\/wp-content\/uploads\/2025\/05\/Logo-OK-sans-texte-blanc-1396x1536.png 1396w, https:\/\/www.domainedelavalleedesevre.fr\/wp-content\/uploads\/2025\/05\/Logo-OK-sans-texte-blanc.png 1646w\" sizes=\"(max-width: 931px) 100vw, 931px\" \/>\t\t\t\t\t\t\t\t\t\t\t\t\t\t\t<\/div>\n\t\t\t\t<\/div>\n\t\t\t\t<div class=\"elementor-element elementor-element-62a1b8e elementor-widget elementor-widget-heading\" data-id=\"62a1b8e\" data-element_type=\"widget\" data-widget_type=\"heading.default\">\n\t\t\t\t<div class=\"elementor-widget-container\">\n\t\t\t\t\t<h2 class=\"elementor-heading-title elementor-size-default\">Nous contacter<\/h2>\t\t\t\t<\/div>\n\t\t\t\t<\/div>\n\t\t\t\t\t<\/div>\n\t\t\t\t<\/div>\n\t\t<div class=\"elementor-element elementor-element-76e9d95 e-flex e-con-boxed wpr-particle-no wpr-jarallax-no wpr-parallax-no wpr-sticky-section-no wpr-equal-height-no e-con e-parent\" data-id=\"76e9d95\" data-element_type=\"container\">\n\t\t\t\t\t<div class=\"e-con-inner\">\n\t\t\t\t<div class=\"elementor-element elementor-element-88f2c65 elementor-widget elementor-widget-shortcode\" data-id=\"88f2c65\" data-element_type=\"widget\" data-widget_type=\"shortcode.default\">\n\t\t\t\t<div class=\"elementor-widget-container\">\n\t\t\t\t\t\t\t<div class=\"elementor-shortcode\"><style id=\"wpforms-css-vars-925\">\n\t\t\t\t#wpforms-925 {\n\t\t\t\t--wpforms-container-padding: 0px;\n--wpforms-container-border-width: 1px;\n--wpforms-container-border-radius: 3px;\n--wpforms-background-color: rgba(0, 0, 0, 0);\n--wpforms-field-size-input-height: 43px;\n--wpforms-field-size-input-spacing: 15px;\n--wpforms-field-size-font-size: 16px;\n--wpforms-field-size-line-height: 19px;\n--wpforms-field-size-padding-h: 14px;\n--wpforms-field-size-checkbox-size: 16px;\n--wpforms-field-size-sublabel-spacing: 5px;\n--wpforms-field-size-icon-size: 1;\n--wpforms-label-size-font-size: 16px;\n--wpforms-label-size-line-height: 19px;\n--wpforms-label-size-sublabel-font-size: 14px;\n--wpforms-label-size-sublabel-line-height: 17px;\n--wpforms-button-size-font-size: 17px;\n--wpforms-button-size-height: 41px;\n--wpforms-button-size-padding-h: 15px;\n--wpforms-button-size-margin-top: 10px;\n--wpforms-container-shadow-size-box-shadow: none;\n\t\t\t}\n\t\t\t<\/style><div class=\"wpforms-container wpforms-container-full wpforms-render-modern\" id=\"wpforms-925\"><form id=\"wpforms-form-925\" class=\"wpforms-validate wpforms-form wpforms-ajax-form\" data-formid=\"925\" method=\"post\" enctype=\"multipart\/form-data\" action=\"\/en\/wp-json\/wp\/v2\/pages\/928\" data-token=\"88d1284b361ae6bf24a5b99505f0a0c2\" data-token-time=\"1777511752\"><noscript class=\"wpforms-error-noscript\">Please enable JavaScript in your browser to complete this form.<\/noscript><div id=\"wpforms-error-noscript\" style=\"display: none;\">Please enable JavaScript in your browser to complete this form.<\/div><div class=\"wpforms-field-container\"><div id=\"wpforms-925-field_1-container\" class=\"wpforms-field wpforms-field-name\" data-field-id=\"1\"><fieldset><legend class=\"wpforms-field-label\">Vos coordonn\u00e9es <span class=\"wpforms-required-label\" aria-hidden=\"true\">*<\/span><\/legend><div class=\"wpforms-field-row wpforms-field-medium\"><div class=\"wpforms-field-row-block wpforms-first wpforms-one-half\"><input type=\"text\" id=\"wpforms-925-field_1\" class=\"wpforms-field-name-first wpforms-field-required\" name=\"wpforms[fields][1][first]\" aria-errormessage=\"wpforms-925-field_1-error\" required><label for=\"wpforms-925-field_1\" class=\"wpforms-field-sublabel after\">First<\/label><\/div><div class=\"wpforms-field-row-block wpforms-one-half\"><input type=\"text\" id=\"wpforms-925-field_1-last\" class=\"wpforms-field-name-last wpforms-field-required\" name=\"wpforms[fields][1][last]\" aria-errormessage=\"wpforms-925-field_1-last-error\" required><label for=\"wpforms-925-field_1-last\" class=\"wpforms-field-sublabel after\">Last<\/label><\/div><\/div><\/fieldset><\/div><div id=\"wpforms-925-field_2-container\" class=\"wpforms-field wpforms-field-email\" data-field-id=\"2\"><label class=\"wpforms-field-label\" for=\"wpforms-925-field_2\">Votre E-mail <span class=\"wpforms-required-label\" aria-hidden=\"true\">*<\/span><\/label><input type=\"email\" id=\"wpforms-925-field_2\" class=\"wpforms-field-medium wpforms-field-required\" name=\"wpforms[fields][2]\" spellcheck=\"false\" aria-errormessage=\"wpforms-925-field_2-error\" required><\/div>\t\t<div id=\"wpforms-925-field_5-container\"\n\t\t\tclass=\"wpforms-field wpforms-field-text\"\n\t\t\tdata-field-type=\"text\"\n\t\t\tdata-field-id=\"5\"\n\t\t\t>\n\t\t\t<label class=\"wpforms-field-label\" for=\"wpforms-925-field_5\" >Votre coordonn\u00e9es \u00eates<\/label>\n\t\t\t<input type=\"text\" id=\"wpforms-925-field_5\" class=\"wpforms-field-medium\" name=\"wpforms[fields][5]\" >\n\t\t<\/div>\n\t\t<div id=\"wpforms-925-field_4-container\" class=\"wpforms-field wpforms-field-select wpforms-field-select-style-classic\" data-field-id=\"4\"><label class=\"wpforms-field-label\" for=\"wpforms-925-field_4\">Vous \u00eates int\u00e9r\u00e9ss\u00e9s par  : <span class=\"wpforms-required-label\" aria-hidden=\"true\">*<\/span><\/label><select id=\"wpforms-925-field_4\" class=\"wpforms-field-medium wpforms-field-required\" name=\"wpforms[fields][4]\" required=\"required\"><option value=\"\" class=\"placeholder\" disabled  selected='selected'>--- S\u00e9lectionner un choix ---<\/option><option value=\"Le g\u00eete l&#039;Acaccia\"  class=\"choice-1 depth-1\"  >Le g\u00eete l'Acaccia<\/option><option value=\"Le g\u00eete le C\u00e8dre\"  class=\"choice-2 depth-1\"  >Le g\u00eete le C\u00e8dre<\/option><option value=\"Le lieu partag\u00e9\"  class=\"choice-3 depth-1\"  >Le lieu partag\u00e9<\/option><\/select><\/div><div id=\"wpforms-925-field_3-container\" class=\"wpforms-field wpforms-field-textarea\" data-field-id=\"3\"><label class=\"wpforms-field-label\" for=\"wpforms-925-field_3\">Votre message<\/label><textarea id=\"wpforms-925-field_3\" class=\"wpforms-field-medium\" name=\"wpforms[fields][3]\" aria-errormessage=\"wpforms-925-field_3-error\" ><\/textarea><\/div><script>\n\t\t\t\t( function() {\n\t\t\t\t\tconst style = document.createElement( 'style' );\n\t\t\t\t\tstyle.appendChild( document.createTextNode( '#wpforms-925-field_5-container { position: absolute !important; overflow: hidden !important; display: inline !important; height: 1px !important; width: 1px !important; z-index: -1000 !important; padding: 0 !important; } #wpforms-925-field_5-container input { visibility: hidden; } #wpforms-conversational-form-page #wpforms-925-field_5-container label { counter-increment: none; }' ) );\n\t\t\t\t\tdocument.head.appendChild( style );\n\t\t\t\t\tdocument.currentScript?.remove();\n\t\t\t\t} )();\n\t\t\t<\/script><\/div><!-- .wpforms-field-container --><div class=\"wpforms-submit-container\" ><input type=\"hidden\" name=\"wpforms[id]\" value=\"925\"><input type=\"hidden\" name=\"page_title\" value=\"\"><input type=\"hidden\" name=\"page_url\" value=\"https:\/\/www.domainedelavalleedesevre.fr\/en\/wp-json\/wp\/v2\/pages\/928\"><input type=\"hidden\" name=\"url_referer\" value=\"\"><button type=\"submit\" name=\"wpforms[submit]\" id=\"wpforms-submit-925\" class=\"wpforms-submit\" data-alt-text=\"Envoi...\" data-submit-text=\"Envoyer\" aria-live=\"assertive\" value=\"wpforms-submit\">Envoyer<\/button><img decoding=\"async\" src=\"https:\/\/www.domainedelavalleedesevre.fr\/wp-content\/plugins\/wpforms-lite\/assets\/images\/submit-spin.svg\" class=\"wpforms-submit-spinner\" style=\"display: none;\" width=\"26\" height=\"26\" alt=\"Loading\"><\/div><\/form><\/div>  <!-- .wpforms-container --><\/div>\n\t\t\t\t\t\t<\/div>\n\t\t\t\t<\/div>\n\t\t\t\t\t<\/div>\n\t\t\t\t<\/div>\n\t\t\t\t<\/div>\n\t\t","protected":false},"excerpt":{"rendered":"<p>Contact us<\/p>","protected":false},"author":1,"featured_media":0,"parent":0,"menu_order":0,"comment_status":"closed","ping_status":"closed","template":"elementor_header_footer","meta":{"ocean_post_layout":"","ocean_both_sidebars_style":"","ocean_both_sidebars_content_width":0,"ocean_both_sidebars_sidebars_width":0,"ocean_sidebar":"","ocean_second_sidebar":"","ocean_disable_margins":"enable","ocean_add_body_class":"","ocean_shortcode_before_top_bar":"","ocean_shortcode_after_top_bar":"","ocean_shortcode_before_header":"","ocean_shortcode_after_header":"","ocean_has_shortcode":"","ocean_shortcode_after_title":"","ocean_shortcode_before_footer_widgets":"","ocean_shortcode_after_footer_widgets":"","ocean_shortcode_before_footer_bottom":"","ocean_shortcode_after_footer_bottom":"","ocean_display_top_bar":"default","ocean_display_header":"default","ocean_header_style":"","ocean_center_header_left_menu":"","ocean_custom_header_template":"","ocean_custom_logo":0,"ocean_custom_retina_logo":0,"ocean_custom_logo_max_width":0,"ocean_custom_logo_tablet_max_width":0,"ocean_custom_logo_mobile_max_width":0,"ocean_custom_logo_max_height":0,"ocean_custom_logo_tablet_max_height":0,"ocean_custom_logo_mobile_max_height":0,"ocean_header_custom_menu":"","ocean_menu_typo_font_family":"","ocean_menu_typo_font_subset":"","ocean_menu_typo_font_size":0,"ocean_menu_typo_font_size_tablet":0,"ocean_menu_typo_font_size_mobile":0,"ocean_menu_typo_font_size_unit":"px","ocean_menu_typo_font_weight":"","ocean_menu_typo_font_weight_tablet":"","ocean_menu_typo_font_weight_mobile":"","ocean_menu_typo_transform":"","ocean_menu_typo_transform_tablet":"","ocean_menu_typo_transform_mobile":"","ocean_menu_typo_line_height":0,"ocean_menu_typo_line_height_tablet":0,"ocean_menu_typo_line_height_mobile":0,"ocean_menu_typo_line_height_unit":"","ocean_menu_typo_spacing":0,"ocean_menu_typo_spacing_tablet":0,"ocean_menu_typo_spacing_mobile":0,"ocean_menu_typo_spacing_unit":"","ocean_menu_link_color":"","ocean_menu_link_color_hover":"","ocean_menu_link_color_active":"","ocean_menu_link_background":"","ocean_menu_link_hover_background":"","ocean_menu_link_active_background":"","ocean_menu_social_links_bg":"","ocean_menu_social_hover_links_bg":"","ocean_menu_social_links_color":"","ocean_menu_social_hover_links_color":"","ocean_disable_title":"default","ocean_disable_heading":"default","ocean_post_title":"","ocean_post_subheading":"","ocean_post_title_style":"","ocean_post_title_background_color":"","ocean_post_title_background":0,"ocean_post_title_bg_image_position":"","ocean_post_title_bg_image_attachment":"","ocean_post_title_bg_image_repeat":"","ocean_post_title_bg_image_size":"","ocean_post_title_height":0,"ocean_post_title_bg_overlay":0.5,"ocean_post_title_bg_overlay_color":"","ocean_disable_breadcrumbs":"default","ocean_breadcrumbs_color":"","ocean_breadcrumbs_separator_color":"","ocean_breadcrumbs_links_color":"","ocean_breadcrumbs_links_hover_color":"","ocean_display_footer_widgets":"default","ocean_display_footer_bottom":"default","ocean_custom_footer_template":"","footnotes":""},"class_list":["post-928","page","type-page","status-publish","hentry","entry"],"yoast_head":"<!-- This site is optimized with the Yoast SEO plugin v27.5 - https:\/\/yoast.com\/product\/yoast-seo-wordpress\/ -->\n<title>Nous contacter - Domaine de la vall\u00e9e de S\u00e8vre<\/title>\n<meta name=\"robots\" content=\"index, follow, max-snippet:-1, max-image-preview:large, max-video-preview:-1\" \/>\n<link rel=\"canonical\" href=\"https:\/\/www.domainedelavalleedesevre.fr\/en\/nous-contacter\/\" \/>\n<meta property=\"og:locale\" content=\"en_US\" \/>\n<meta property=\"og:type\" content=\"article\" \/>\n<meta property=\"og:title\" content=\"Nous contacter - Domaine de la vall\u00e9e de S\u00e8vre\" \/>\n<meta property=\"og:description\" content=\"Nous contacter\" \/>\n<meta property=\"og:url\" content=\"https:\/\/www.domainedelavalleedesevre.fr\/en\/nous-contacter\/\" \/>\n<meta property=\"og:site_name\" content=\"Domaine de la vall\u00e9e de S\u00e8vre\" \/>\n<meta property=\"article:modified_time\" content=\"2025-12-10T12:09:35+00:00\" \/>\n<meta property=\"og:image\" content=\"https:\/\/www.domainedelavalleedesevre.fr\/wp-content\/uploads\/2025\/05\/Logo-OK-sans-texte-blanc.png\" \/>\n\t<meta property=\"og:image:width\" content=\"1646\" \/>\n\t<meta property=\"og:image:height\" content=\"1811\" \/>\n\t<meta property=\"og:image:type\" content=\"image\/png\" \/>\n<meta name=\"twitter:card\" content=\"summary_large_image\" \/>\n<meta name=\"twitter:label1\" content=\"Est. reading time\" \/>\n\t<meta name=\"twitter:data1\" content=\"1 minute\" \/>\n<script type=\"application\/ld+json\" class=\"yoast-schema-graph\">{\"@context\":\"https:\\\/\\\/schema.org\",\"@graph\":[{\"@type\":\"WebPage\",\"@id\":\"https:\\\/\\\/www.domainedelavalleedesevre.fr\\\/nous-contacter\\\/\",\"url\":\"https:\\\/\\\/www.domainedelavalleedesevre.fr\\\/nous-contacter\\\/\",\"name\":\"Nous contacter - Domaine de la vall\u00e9e de S\u00e8vre\",\"isPartOf\":{\"@id\":\"https:\\\/\\\/www.domainedelavalleedesevre.fr\\\/#website\"},\"primaryImageOfPage\":{\"@id\":\"https:\\\/\\\/www.domainedelavalleedesevre.fr\\\/nous-contacter\\\/#primaryimage\"},\"image\":{\"@id\":\"https:\\\/\\\/www.domainedelavalleedesevre.fr\\\/nous-contacter\\\/#primaryimage\"},\"thumbnailUrl\":\"https:\\\/\\\/www.domainedelavalleedesevre.fr\\\/wp-content\\\/uploads\\\/2025\\\/05\\\/Logo-OK-sans-texte-blanc-931x1024.png\",\"datePublished\":\"2025-09-05T16:12:50+00:00\",\"dateModified\":\"2025-12-10T12:09:35+00:00\",\"breadcrumb\":{\"@id\":\"https:\\\/\\\/www.domainedelavalleedesevre.fr\\\/nous-contacter\\\/#breadcrumb\"},\"inLanguage\":\"en-US\",\"potentialAction\":[{\"@type\":\"ReadAction\",\"target\":[\"https:\\\/\\\/www.domainedelavalleedesevre.fr\\\/nous-contacter\\\/\"]}]},{\"@type\":\"ImageObject\",\"inLanguage\":\"en-US\",\"@id\":\"https:\\\/\\\/www.domainedelavalleedesevre.fr\\\/nous-contacter\\\/#primaryimage\",\"url\":\"https:\\\/\\\/www.domainedelavalleedesevre.fr\\\/wp-content\\\/uploads\\\/2025\\\/05\\\/Logo-OK-sans-texte-blanc-931x1024.png\",\"contentUrl\":\"https:\\\/\\\/www.domainedelavalleedesevre.fr\\\/wp-content\\\/uploads\\\/2025\\\/05\\\/Logo-OK-sans-texte-blanc-931x1024.png\"},{\"@type\":\"BreadcrumbList\",\"@id\":\"https:\\\/\\\/www.domainedelavalleedesevre.fr\\\/nous-contacter\\\/#breadcrumb\",\"itemListElement\":[{\"@type\":\"ListItem\",\"position\":1,\"name\":\"Accueil\",\"item\":\"https:\\\/\\\/www.domainedelavalleedesevre.fr\\\/\"},{\"@type\":\"ListItem\",\"position\":2,\"name\":\"Nous contacter\"}]},{\"@type\":\"WebSite\",\"@id\":\"https:\\\/\\\/www.domainedelavalleedesevre.fr\\\/#website\",\"url\":\"https:\\\/\\\/www.domainedelavalleedesevre.fr\\\/\",\"name\":\"Domaine de la vall\u00e9e de S\u00e8vre\",\"description\":\"\",\"potentialAction\":[{\"@type\":\"SearchAction\",\"target\":{\"@type\":\"EntryPoint\",\"urlTemplate\":\"https:\\\/\\\/www.domainedelavalleedesevre.fr\\\/?s={search_term_string}\"},\"query-input\":{\"@type\":\"PropertyValueSpecification\",\"valueRequired\":true,\"valueName\":\"search_term_string\"}}],\"inLanguage\":\"en-US\"}]}<\/script>\n<!-- \/ Yoast SEO plugin. -->","yoast_head_json":{"title":"Nous contacter - Domaine de la vall\u00e9e de S\u00e8vre","robots":{"index":"index","follow":"follow","max-snippet":"max-snippet:-1","max-image-preview":"max-image-preview:large","max-video-preview":"max-video-preview:-1"},"canonical":"https:\/\/www.domainedelavalleedesevre.fr\/en\/nous-contacter\/","og_locale":"en_US","og_type":"article","og_title":"Nous contacter - Domaine de la vall\u00e9e de S\u00e8vre","og_description":"Nous contacter","og_url":"https:\/\/www.domainedelavalleedesevre.fr\/en\/nous-contacter\/","og_site_name":"Domaine de la vall\u00e9e de S\u00e8vre","article_modified_time":"2025-12-10T12:09:35+00:00","og_image":[{"width":1646,"height":1811,"url":"https:\/\/www.domainedelavalleedesevre.fr\/wp-content\/uploads\/2025\/05\/Logo-OK-sans-texte-blanc.png","type":"image\/png"}],"twitter_card":"summary_large_image","twitter_misc":{"Est. reading time":"1 minute"},"schema":{"@context":"https:\/\/schema.org","@graph":[{"@type":"WebPage","@id":"https:\/\/www.domainedelavalleedesevre.fr\/nous-contacter\/","url":"https:\/\/www.domainedelavalleedesevre.fr\/nous-contacter\/","name":"Nous contacter - Domaine de la vall\u00e9e de S\u00e8vre","isPartOf":{"@id":"https:\/\/www.domainedelavalleedesevre.fr\/#website"},"primaryImageOfPage":{"@id":"https:\/\/www.domainedelavalleedesevre.fr\/nous-contacter\/#primaryimage"},"image":{"@id":"https:\/\/www.domainedelavalleedesevre.fr\/nous-contacter\/#primaryimage"},"thumbnailUrl":"https:\/\/www.domainedelavalleedesevre.fr\/wp-content\/uploads\/2025\/05\/Logo-OK-sans-texte-blanc-931x1024.png","datePublished":"2025-09-05T16:12:50+00:00","dateModified":"2025-12-10T12:09:35+00:00","breadcrumb":{"@id":"https:\/\/www.domainedelavalleedesevre.fr\/nous-contacter\/#breadcrumb"},"inLanguage":"en-US","potentialAction":[{"@type":"ReadAction","target":["https:\/\/www.domainedelavalleedesevre.fr\/nous-contacter\/"]}]},{"@type":"ImageObject","inLanguage":"en-US","@id":"https:\/\/www.domainedelavalleedesevre.fr\/nous-contacter\/#primaryimage","url":"https:\/\/www.domainedelavalleedesevre.fr\/wp-content\/uploads\/2025\/05\/Logo-OK-sans-texte-blanc-931x1024.png","contentUrl":"https:\/\/www.domainedelavalleedesevre.fr\/wp-content\/uploads\/2025\/05\/Logo-OK-sans-texte-blanc-931x1024.png"},{"@type":"BreadcrumbList","@id":"https:\/\/www.domainedelavalleedesevre.fr\/nous-contacter\/#breadcrumb","itemListElement":[{"@type":"ListItem","position":1,"name":"Accueil","item":"https:\/\/www.domainedelavalleedesevre.fr\/"},{"@type":"ListItem","position":2,"name":"Nous contacter"}]},{"@type":"WebSite","@id":"https:\/\/www.domainedelavalleedesevre.fr\/#website","url":"https:\/\/www.domainedelavalleedesevre.fr\/","name":"Domaine de la vall\u00e9e de S\u00e8vre","description":"","potentialAction":[{"@type":"SearchAction","target":{"@type":"EntryPoint","urlTemplate":"https:\/\/www.domainedelavalleedesevre.fr\/?s={search_term_string}"},"query-input":{"@type":"PropertyValueSpecification","valueRequired":true,"valueName":"search_term_string"}}],"inLanguage":"en-US"}]}},"_links":{"self":[{"href":"https:\/\/www.domainedelavalleedesevre.fr\/en\/wp-json\/wp\/v2\/pages\/928","targetHints":{"allow":["GET"]}}],"collection":[{"href":"https:\/\/www.domainedelavalleedesevre.fr\/en\/wp-json\/wp\/v2\/pages"}],"about":[{"href":"https:\/\/www.domainedelavalleedesevre.fr\/en\/wp-json\/wp\/v2\/types\/page"}],"author":[{"embeddable":true,"href":"https:\/\/www.domainedelavalleedesevre.fr\/en\/wp-json\/wp\/v2\/users\/1"}],"replies":[{"embeddable":true,"href":"https:\/\/www.domainedelavalleedesevre.fr\/en\/wp-json\/wp\/v2\/comments?post=928"}],"version-history":[{"count":8,"href":"https:\/\/www.domainedelavalleedesevre.fr\/en\/wp-json\/wp\/v2\/pages\/928\/revisions"}],"predecessor-version":[{"id":1121,"href":"https:\/\/www.domainedelavalleedesevre.fr\/en\/wp-json\/wp\/v2\/pages\/928\/revisions\/1121"}],"wp:attachment":[{"href":"https:\/\/www.domainedelavalleedesevre.fr\/en\/wp-json\/wp\/v2\/media?parent=928"}],"curies":[{"name":"wp","href":"https:\/\/api.w.org\/{rel}","templated":true}]}}